{"id":2205,"date":"2023-08-16T17:55:16","date_gmt":"2023-08-16T20:55:16","guid":{"rendered":"https:\/\/www.clayss.org\/?page_id=2205"},"modified":"2023-08-22T20:21:34","modified_gmt":"2023-08-22T23:21:34","slug":"peru","status":"publish","type":"page","link":"https:\/\/test.clayss.org\/en\/support-programmes\/peru\/","title":{"rendered":"Per\u00fa"},"content":{"rendered":"<div class=\"row row-collapse row-full-width align-equal\"  id=\"row-745997414\">\n\n\t<div id=\"col-602029290\" class=\"col medium-8 small-12 large-8\"  >\n\t\t\t\t<div class=\"col-inner\"  >\n\t\t\t\n\t\t\t\n\n  <div class=\"banner has-hover\" id=\"banner-363115707\">\n          <div class=\"banner-inner fill\">\n        <div class=\"banner-bg fill\" >\n            <img loading=\"lazy\" decoding=\"async\" width=\"1270\" height=\"500\" src=\"https:\/\/test.clayss.org\/wp-content\/uploads\/2023\/08\/Programa_Peru-1.jpg\" class=\"bg attachment-original size-original\" alt=\"\" \/>                                    \n                    <\/div>\n\t\t\n        <div class=\"banner-layers container\">\n            <div class=\"fill banner-link\"><\/div>            \n        <\/div>\n      <\/div>\n\n            \n<style>\n#banner-363115707 {\n  padding-top: 64%;\n  background-color: rgb(177, 127, 73);\n}\n@media (min-width:550px) {\n  #banner-363115707 {\n    padding-top: 500px;\n  }\n}\n<\/style>\n  <\/div>\n\n\n\t\t<\/div>\n\t\t\t\t\t<\/div>\n\n\t\n\n\t<div id=\"col-1780265013\" class=\"col medium-4 small-12 large-4\"  >\n\t\t\t\t<div class=\"col-inner dark\" style=\"background-color:rgb(177, 127, 73);\" >\n\t\t\t\n\t\t\t\n<div class=\"row row-collapse row-full-width align-equal\"  id=\"row-898965663\">\n\n\n\t<div id=\"col-673411612\" class=\"col small-12 large-12\"  >\n\t\t\t\t<div class=\"col-inner dark\" style=\"background-color:rgb(177, 127, 73);\" >\n\t\t\t\n\t\t\t\n\n<h2>Support Programmes<\/h2>\n\t<div id=\"gap-1872807447\" class=\"gap-element clearfix\" style=\"display:block; height:auto;\">\n\t\t\n<style>\n#gap-1872807447 {\n  padding-top: 10%;\n}\n<\/style>\n\t<\/div>\n\t\n\n\t<div class=\"ux-menu stack stack-col justify-start ux-menu--divider-solid\">\n\t\t\n\n\t<div class=\"ux-menu-link flex menu-item menuflecha\">\n\t\t<a class=\"ux-menu-link__link flex\" href=\"https:\/\/test.clayss.org\/uruguay\" >\n\t\t\t<i class=\"ux-menu-link__icon text-center icon-angle-right\" aria-hidden=\"true\"><\/i>\t\t\t<span class=\"ux-menu-link__text\">\n\t\t\t\tUruguay\t\t\t<\/span>\n\t\t<\/a>\n\t<\/div>\n\t\n\n\t<div class=\"ux-menu-link flex menu-item menuflecha\">\n\t\t<a class=\"ux-menu-link__link flex\" href=\"https:\/\/www.uniservitate.org\/\" target=\"_blank\" rel=\"noopener\">\n\t\t\t<i class=\"ux-menu-link__icon text-center icon-angle-right\" aria-hidden=\"true\"><\/i>\t\t\t<span class=\"ux-menu-link__text\">\n\t\t\t\tUniservitate\t\t\t<\/span>\n\t\t<\/a>\n\t<\/div>\n\t\n\n\t<div class=\"ux-menu-link flex menu-item menuflecha\">\n\t\t<a class=\"ux-menu-link__link flex\" href=\"https:\/\/test.clayss.org\/en\/support-programmes\/arts\/\" >\n\t\t\t<i class=\"ux-menu-link__icon text-center icon-angle-right\" aria-hidden=\"true\"><\/i>\t\t\t<span class=\"ux-menu-link__text\">\n\t\t\t\tArts\t\t\t<\/span>\n\t\t<\/a>\n\t<\/div>\n\t\n\n\t<div class=\"ux-menu-link flex menu-item menuflecha hidden\">\n\t\t<a class=\"ux-menu-link__link flex\" href=\"https:\/\/test.clayss.org\/en\/support-programmes\/integral-ecology-programme\/\" >\n\t\t\t<i class=\"ux-menu-link__icon text-center icon-angle-right\" aria-hidden=\"true\"><\/i>\t\t\t<span class=\"ux-menu-link__text\">\n\t\t\t\tIntegral Ecology\t\t\t<\/span>\n\t\t<\/a>\n\t<\/div>\n\t\n\n\t<div class=\"ux-menu-link flex menu-item menuflecha\">\n\t\t<a class=\"ux-menu-link__link flex\" href=\"https:\/\/test.clayss.org\/en\/support-programmes\/#anteriores\" >\n\t\t\t<i class=\"ux-menu-link__icon text-center icon-angle-right\" aria-hidden=\"true\"><\/i>\t\t\t<span class=\"ux-menu-link__text\">\n\t\t\t\tPrevious\t\t\t<\/span>\n\t\t<\/a>\n\t<\/div>\n\t\n\n\n\t<\/div>\n\t\n\n\t\t<\/div>\n\t\t\t\t\n<style>\n#col-673411612 > .col-inner {\n  padding: 30px 30px 30px 30px;\n  margin: 0px 0px 0px 0px;\n}\n<\/style>\n\t<\/div>\n\n\t\n\n\n<style>\n#row-898965663 > .col > .col-inner {\n  background-color: rgb(248, 177, 51);\n}\n<\/style>\n<\/div>\n\t\t<\/div>\n\t\t\t\t\t<\/div>\n\n\t\n<\/div>\n<div class=\"row\"  id=\"row-1537233070\">\n\n\t<div id=\"col-2122402557\" class=\"col small-12 large-12\"  >\n\t\t\t\t<div class=\"col-inner\"  >\n\t\t\t\n\t\t\t\n<div class=\"row\"  id=\"row-1962330004\">\n\n\t<div id=\"col-571239177\" class=\"col small-12 large-12\"  >\n\t\t\t\t<div class=\"col-inner\"  >\n\t\t\t\n\t\t\t\n<span class=\"scroll-to\" data-label=\"Scroll to: #programa\" data-bullet=\"false\" data-link=\"#programa\" data-title=\"programa\"><a name=\"programa\"><\/a><\/span>\n\t<div id=\"text-1487744578\" class=\"text titulo\">\n\t\t\n<p style=\"margin: 0;\">Service-Learning Promotion Programme in Per\u00fa<\/p>\n\t\t\n<style>\n#text-1487744578 {\n  font-size: 1.5rem;\n  line-height: 1.25;\n  text-align: center;\n  color: #bd1622;\n}\n#text-1487744578 > * {\n  color: #bd1622;\n}\n@media (min-width:550px) {\n  #text-1487744578 {\n    font-size: 1.95rem;\n  }\n}\n<\/style>\n\t<\/div>\n\t\n<div class=\"is-divider divider clearfix\" style=\"margin-top:0px;margin-bottom:0px;max-width:100%;background-color:rgb(167, 51, 54);\"><\/div>\n\t\t<\/div>\n\t\t\t\t\n<style>\n#col-571239177 > .col-inner {\n  padding: 60px 0px 0px 0px;\n}\n<\/style>\n\t<\/div>\n\n\t\n\n\t<div id=\"col-1015428606\" class=\"col small-12 large-12\"  >\n\t\t\t\t<div class=\"col-inner\"  >\n\t\t\t\n\t\t\t\n<p>This programme was formally born in 2017 with the objective of promoting the pedagogical proposal of Solidarity Learning and Service in the Peruvian educational system. We have supported this development through teacher training actions, face-to-face and virtual, granting scholarships to the International Seminars of Service-Learning in Argentina and developing specific pedagogical materials for Peru.<\/p>\n<p>We have worked in coordination with Universidad Antonio Ruiz de Montoya, Universidad del Pac\u00edfico, Universidad C\u00e9sar Vallejo, Red Ursula and schools of the Fe y Alegr\u00eda Movement. Together with these institutions we have organized &#8211; in 2017, 2018 and 2019 &#8211; the JONASS (Jornada Nacional de Aprendizaje y Servicio Solidario). Since 2019 we are working in articulation with the Horizontes Program, of Rural Secondary Education, of Unesco. In 2020 we have started a series of training actions in alliance with the Education and Sports Management of the Municipality of Lima and with the Metropolitan Volunteering.<\/p>\n\t\t<\/div>\n\t\t\t\t\t<\/div>\n\n\t\n<\/div>\n\t\t<\/div>\n\t\t\t\t\t<\/div>\n\n\t\n<\/div>\n\n\t<section class=\"section\" id=\"section_1335877529\">\n\t\t<div class=\"section-bg fill\" >\n\t\t\t\t\t\t\t\t\t\n\t\t\t\n\n\t\t<\/div>\n\n\t\t\n\n\t\t<div class=\"section-content relative\">\n\t\t\t\n<div class=\"row align-equal align-center\"  id=\"row-502059324\">\n\n\t<div id=\"col-186590039\" class=\"col small-12 large-12\"  >\n\t\t\t\t<div class=\"col-inner\"  >\n\t\t\t\n\t\t\t\n<span class=\"scroll-to\" data-label=\"Scroll to: #publicaciones\" data-bullet=\"false\" data-link=\"#publicaciones\" data-title=\"publicaciones\"><a name=\"publicaciones\"><\/a><\/span>\n\t<div id=\"text-23580126\" class=\"text titulo\">\n\t\t\n<p style=\"margin: 0;\"><span style=\"font-family: 'Montserrat'; margin: 0;\">Programme Resources<\/span><\/p>\n\t\t\n<style>\n#text-23580126 {\n  font-size: 1.5rem;\n  line-height: 1.25;\n  text-align: center;\n  color: #bd1622;\n}\n#text-23580126 > * {\n  color: #bd1622;\n}\n@media (min-width:550px) {\n  #text-23580126 {\n    font-size: 1.95rem;\n  }\n}\n<\/style>\n\t<\/div>\n\t\n<div class=\"is-divider divider clearfix\" style=\"margin-top:0px;margin-bottom:0px;max-width:100%;background-color:rgb(167, 51, 54);\"><\/div>\n\t\t<\/div>\n\t\t\t\t\t<\/div>\n\n\t\n\n<style>\n#row-502059324 > .col > .col-inner {\n  padding: 0px 0px 0px 0px;\n}\n<\/style>\n<\/div>\n\t<div id=\"gap-865124595\" class=\"gap-element clearfix\" style=\"display:block; height:auto;\">\n\t\t\n<style>\n#gap-865124595 {\n  padding-top: 30px;\n}\n<\/style>\n\t<\/div>\n\t\n<div class=\"row align-center\"  id=\"row-1398463923\">\n\n\t<div id=\"col-1887033753\" class=\"col small-12 large-12\"  >\n\t\t\t\t<div class=\"col-inner text-center\"  >\n\t\t\t\n\t\t\t\n<div class=\"slider-wrapper relative\" id=\"slider-1001914892\" >\n    <div class=\"slider slider-nav-simple slider-nav-large slider-nav-light slider-nav-outside slider-style-container slider-show-nav\"\n        data-flickity-options='{\n            \"cellAlign\": \"left\",\n            \"imagesLoaded\": true,\n            \"lazyLoad\": 1,\n            \"freeScroll\": false,\n            \"wrapAround\": true,\n            \"autoPlay\": 6000,\n            \"pauseAutoPlayOnHover\" : true,\n            \"prevNextButtons\": true,\n            \"contain\" : true,\n            \"adaptiveHeight\" : true,\n            \"dragThreshold\" : 10,\n            \"percentPosition\": true,\n            \"pageDots\": false,\n            \"rightToLeft\": false,\n            \"draggable\": true,\n            \"selectedAttraction\": 0.1,\n            \"parallax\" : 0,\n            \"friction\": 0.6        }'\n        >\n        \n<div class=\"ux-logo has-hover align-middle ux_logo inline-block\" style=\"max-width: 100%!important; width: 336.91244239631px!important\"><a class=\"ux-logo-link block image-\" title=\"\" target=\"_blank\" rel=\"noopener\" href=\"\/wp-content\/uploads\/2023\/08\/ESP_PERU_guia_para_desarrollar_proyectos_AYSS.pdf\" style=\"padding: 15px;\"><img decoding=\"async\" src=\"https:\/\/test.clayss.org\/wp-content\/uploads\/2023\/07\/PubliClayss_peru.jpg\" title=\"\" alt=\"\" class=\"ux-logo-image block\" style=\"height:180px;\" \/><\/a><\/div>\n     <\/div>\n\n     <div class=\"loading-spin dark large centered\"><\/div>\n\n\t<\/div>\n\n\n\t\t<\/div>\n\t\t\t\t\t<\/div>\n\n\t\n<\/div>\n\t\t<\/div>\n\n\t\t\n<style>\n#section_1335877529 {\n  padding-top: 30px;\n  padding-bottom: 30px;\n  background-color: rgb(255, 185, 108);\n}\n<\/style>\n\t<\/section>\n\t\n","protected":false},"excerpt":{"rendered":"","protected":false},"author":4,"featured_media":0,"parent":2170,"menu_order":0,"comment_status":"closed","ping_status":"closed","template":"page-blank.php","meta":{"_monsterinsights_skip_tracking":false,"_monsterinsights_sitenote_active":false,"_monsterinsights_sitenote_note":"","_monsterinsights_sitenote_category":0,"iawp_total_views":1,"footnotes":""},"class_list":["post-2205","page","type-page","status-publish","hentry"],"yoast_head":"<!-- This site is optimized with the Yoast SEO plugin v27.5 - https:\/\/yoast.com\/product\/yoast-seo-wordpress\/ -->\n<title>Per\u00fa - CLAYSS<\/title>\n<meta name=\"robots\" content=\"index, follow, max-snippet:-1, max-image-preview:large, max-video-preview:-1\" \/>\n<link rel=\"canonical\" href=\"https:\/\/test.clayss.org\/programas\/peru\/\" \/>\n<meta property=\"og:locale\" content=\"en_US\" \/>\n<meta property=\"og:type\" content=\"article\" \/>\n<meta property=\"og:title\" content=\"Per\u00fa - CLAYSS\" \/>\n<meta property=\"og:url\" content=\"https:\/\/test.clayss.org\/programas\/peru\/\" \/>\n<meta property=\"og:site_name\" content=\"CLAYSS\" \/>\n<meta property=\"article:modified_time\" content=\"2023-08-22T23:21:34+00:00\" \/>\n<meta name=\"twitter:card\" content=\"summary_large_image\" \/>\n<meta name=\"twitter:label1\" content=\"Est. reading time\" \/>\n\t<meta name=\"twitter:data1\" content=\"2 minutes\" \/>\n<script type=\"application\/ld+json\" class=\"yoast-schema-graph\">{\"@context\":\"https:\\\/\\\/schema.org\",\"@graph\":[{\"@type\":\"WebPage\",\"@id\":\"https:\\\/\\\/test.clayss.org\\\/programas\\\/peru\\\/\",\"url\":\"https:\\\/\\\/test.clayss.org\\\/programas\\\/peru\\\/\",\"name\":\"Per\u00fa - CLAYSS\",\"isPartOf\":{\"@id\":\"https:\\\/\\\/test.clayss.org\\\/#website\"},\"datePublished\":\"2023-08-16T20:55:16+00:00\",\"dateModified\":\"2023-08-22T23:21:34+00:00\",\"breadcrumb\":{\"@id\":\"https:\\\/\\\/test.clayss.org\\\/programas\\\/peru\\\/#breadcrumb\"},\"inLanguage\":\"en-US\",\"potentialAction\":[{\"@type\":\"ReadAction\",\"target\":[\"https:\\\/\\\/test.clayss.org\\\/programas\\\/peru\\\/\"]}]},{\"@type\":\"BreadcrumbList\",\"@id\":\"https:\\\/\\\/test.clayss.org\\\/programas\\\/peru\\\/#breadcrumb\",\"itemListElement\":[{\"@type\":\"ListItem\",\"position\":1,\"name\":\"Portada\",\"item\":\"https:\\\/\\\/test.clayss.org\\\/en\\\/\"},{\"@type\":\"ListItem\",\"position\":2,\"name\":\"SUPPORT PROGRAMMES\",\"item\":\"https:\\\/\\\/test.clayss.org\\\/programas\\\/\"},{\"@type\":\"ListItem\",\"position\":3,\"name\":\"Per\u00fa\"}]},{\"@type\":\"WebSite\",\"@id\":\"https:\\\/\\\/test.clayss.org\\\/#website\",\"url\":\"https:\\\/\\\/test.clayss.org\\\/\",\"name\":\"CLAYSS\",\"description\":\"\",\"potentialAction\":[{\"@type\":\"SearchAction\",\"target\":{\"@type\":\"EntryPoint\",\"urlTemplate\":\"https:\\\/\\\/test.clayss.org\\\/?s={search_term_string}\"},\"query-input\":{\"@type\":\"PropertyValueSpecification\",\"valueRequired\":true,\"valueName\":\"search_term_string\"}}],\"inLanguage\":\"en-US\"}]}<\/script>\n<!-- \/ Yoast SEO plugin. -->","yoast_head_json":{"title":"Per\u00fa - CLAYSS","robots":{"index":"index","follow":"follow","max-snippet":"max-snippet:-1","max-image-preview":"max-image-preview:large","max-video-preview":"max-video-preview:-1"},"canonical":"https:\/\/test.clayss.org\/programas\/peru\/","og_locale":"en_US","og_type":"article","og_title":"Per\u00fa - CLAYSS","og_url":"https:\/\/test.clayss.org\/programas\/peru\/","og_site_name":"CLAYSS","article_modified_time":"2023-08-22T23:21:34+00:00","twitter_card":"summary_large_image","twitter_misc":{"Est. reading time":"2 minutes"},"schema":{"@context":"https:\/\/schema.org","@graph":[{"@type":"WebPage","@id":"https:\/\/test.clayss.org\/programas\/peru\/","url":"https:\/\/test.clayss.org\/programas\/peru\/","name":"Per\u00fa - CLAYSS","isPartOf":{"@id":"https:\/\/test.clayss.org\/#website"},"datePublished":"2023-08-16T20:55:16+00:00","dateModified":"2023-08-22T23:21:34+00:00","breadcrumb":{"@id":"https:\/\/test.clayss.org\/programas\/peru\/#breadcrumb"},"inLanguage":"en-US","potentialAction":[{"@type":"ReadAction","target":["https:\/\/test.clayss.org\/programas\/peru\/"]}]},{"@type":"BreadcrumbList","@id":"https:\/\/test.clayss.org\/programas\/peru\/#breadcrumb","itemListElement":[{"@type":"ListItem","position":1,"name":"Portada","item":"https:\/\/test.clayss.org\/en\/"},{"@type":"ListItem","position":2,"name":"SUPPORT PROGRAMMES","item":"https:\/\/test.clayss.org\/programas\/"},{"@type":"ListItem","position":3,"name":"Per\u00fa"}]},{"@type":"WebSite","@id":"https:\/\/test.clayss.org\/#website","url":"https:\/\/test.clayss.org\/","name":"CLAYSS","description":"","potentialAction":[{"@type":"SearchAction","target":{"@type":"EntryPoint","urlTemplate":"https:\/\/test.clayss.org\/?s={search_term_string}"},"query-input":{"@type":"PropertyValueSpecification","valueRequired":true,"valueName":"search_term_string"}}],"inLanguage":"en-US"}]}},"_links":{"self":[{"href":"https:\/\/test.clayss.org\/en\/wp-json\/wp\/v2\/pages\/2205","targetHints":{"allow":["GET"]}}],"collection":[{"href":"https:\/\/test.clayss.org\/en\/wp-json\/wp\/v2\/pages"}],"about":[{"href":"https:\/\/test.clayss.org\/en\/wp-json\/wp\/v2\/types\/page"}],"author":[{"embeddable":true,"href":"https:\/\/test.clayss.org\/en\/wp-json\/wp\/v2\/users\/4"}],"replies":[{"embeddable":true,"href":"https:\/\/test.clayss.org\/en\/wp-json\/wp\/v2\/comments?post=2205"}],"version-history":[{"count":2,"href":"https:\/\/test.clayss.org\/en\/wp-json\/wp\/v2\/pages\/2205\/revisions"}],"predecessor-version":[{"id":2207,"href":"https:\/\/test.clayss.org\/en\/wp-json\/wp\/v2\/pages\/2205\/revisions\/2207"}],"up":[{"embeddable":true,"href":"https:\/\/test.clayss.org\/en\/wp-json\/wp\/v2\/pages\/2170"}],"wp:attachment":[{"href":"https:\/\/test.clayss.org\/en\/wp-json\/wp\/v2\/media?parent=2205"}],"curies":[{"name":"wp","href":"https:\/\/api.w.org\/{rel}","templated":true}]}}