{"id":5037,"date":"2024-02-26T11:53:07","date_gmt":"2024-02-26T14:53:07","guid":{"rendered":"https:\/\/www.clayss.org\/materiales-24-seminario\/"},"modified":"2024-07-25T02:40:59","modified_gmt":"2024-07-25T05:40:59","slug":"24th-materials","status":"publish","type":"page","link":"https:\/\/test.clayss.org\/en\/24th-materials\/","title":{"rendered":"24th materials"},"content":{"rendered":"<div class=\"row row-collapse row-full-width align-equal\"  id=\"row-926919663\">\n\n\t<div id=\"col-575610507\" class=\"col medium-8 small-12 large-8\"  >\n\t\t\t\t<div class=\"col-inner\"  >\n\t\t\t\n\t\t\t\n\n  <div class=\"banner has-hover\" id=\"banner-1338243462\">\n          <div class=\"banner-inner fill\">\n        <div class=\"banner-bg fill\" >\n            <img loading=\"lazy\" decoding=\"async\" width=\"1020\" height=\"401\" src=\"https:\/\/test.clayss.org\/wp-content\/uploads\/2024\/02\/24-1024x403.jpg\" class=\"bg attachment-large size-large\" alt=\"\" \/>                                    \n                    <\/div>\n\t\t\n        <div class=\"banner-layers container\">\n            <div class=\"fill banner-link\"><\/div>            \n        <\/div>\n      <\/div>\n\n            \n<style>\n#banner-1338243462 {\n  padding-top: 65%;\n  background-color: rgb(242, 145, 0);\n}\n@media (min-width:550px) {\n  #banner-1338243462 {\n    padding-top: 500px;\n  }\n}\n<\/style>\n  <\/div>\n\n\n\t\t<\/div>\n\t\t\t\t\t<\/div>\n\n\t\n\n\t<div id=\"col-1861549250\" class=\"col medium-4 small-12 large-4\"  >\n\t\t\t\t<div class=\"col-inner\" style=\"background-color:rgb(242, 145, 0);\" >\n\t\t\t\n\t\t\t\n<div class=\"row row-collapse row-full-width align-equal\"  id=\"row-854484461\">\n\n\n\t<div id=\"col-444331411\" class=\"col small-12 large-12\"  >\n\t\t\t\t<div class=\"col-inner dark\" style=\"background-color:rgb(242, 145, 0);\" >\n\t\t\t\n\t\t\t\n\n<h2>Previous Conferences materials<\/h2>\n\t<div id=\"gap-854838364\" class=\"gap-element clearfix\" style=\"display:block; height:auto;\">\n\t\t\n<style>\n#gap-854838364 {\n  padding-top: 10%;\n}\n<\/style>\n\t<\/div>\n\t\n\n\t<div class=\"ux-menu stack stack-col justify-start ux-menu--divider-solid\">\n\t\t\n\n\t<div class=\"ux-menu-link flex menu-item menuflecha\">\n\t\t<a class=\"ux-menu-link__link flex\" href=\"https:\/\/seminario.clayss.org\/2024\/en\/\" target=\"_blank\" rel=\"noopener\">\n\t\t\t<i class=\"ux-menu-link__icon text-center icon-angle-right\" aria-hidden=\"true\"><\/i>\t\t\t<span class=\"ux-menu-link__text\">\n\t\t\t\tInternational Service-Learning Conference\t\t\t<\/span>\n\t\t<\/a>\n\t<\/div>\n\t\n\n\t<div class=\"ux-menu-link flex menu-item menuflecha\">\n\t\t<a class=\"ux-menu-link__link flex\" href=\"https:\/\/www.clayss.org\/en\/previous-conferences-materials\/\" >\n\t\t\t<i class=\"ux-menu-link__icon text-center icon-angle-right\" aria-hidden=\"true\"><\/i>\t\t\t<span class=\"ux-menu-link__text\">\n\t\t\t\tPrevious Conferences Materials\t\t\t<\/span>\n\t\t<\/a>\n\t<\/div>\n\t\n\n\t<div class=\"ux-menu-link flex menu-item menuflecha\">\n\t\t<a class=\"ux-menu-link__link flex\" href=\"https:\/\/www.clayss.org\/archivos-del-ministerio-de-educacion\/\" target=\"_blank\" rel=\"noopener\">\n\t\t\t<i class=\"ux-menu-link__icon text-center icon-angle-right\" aria-hidden=\"true\"><\/i>\t\t\t<span class=\"ux-menu-link__text\">\n\t\t\t\tProceedings of past International Service-Learning Conferences\t\t\t<\/span>\n\t\t<\/a>\n\t<\/div>\n\t\n\n\n\t<\/div>\n\t\n\n\t\t<\/div>\n\t\t\t\t\n<style>\n#col-444331411 > .col-inner {\n  padding: 30px 30px 30px 30px;\n  margin: 0px 0px 0px 0px;\n}\n<\/style>\n\t<\/div>\n\n\t\n\n\n<style>\n#row-854484461 > .col > .col-inner {\n  background-color: rgb(248, 177, 51);\n}\n<\/style>\n<\/div>\n\t\t<\/div>\n\t\t\t\t\t<\/div>\n\n\t\n<\/div>\n<div class=\"row align-equal\"  id=\"row-871374249\">\n\n\t<div id=\"col-2093332914\" class=\"col small-12 large-12\"  >\n\t\t\t\t<div class=\"col-inner\"  >\n\t\t\t\n\t\t\t\n<span class=\"scroll-to\" data-label=\"Scroll to: #publicaciones-academicas\" data-bullet=\"false\" data-link=\"#publicaciones-academicas\" data-title=\"Publicaciones academicas\"><a name=\"publicaciones-academicas\"><\/a><\/span>\n\t<div id=\"text-1639225355\" class=\"text titulo\">\n\t\t\n<p style=\"margin: 0;\"><span style=\"font-family: 'Montserrat'; margin: 0;\">24th International Service-Learning Conference<\/span><\/p>\n\t\t\n<style>\n#text-1639225355 {\n  font-size: 1.5rem;\n  line-height: 1.25;\n  text-align: center;\n  color: #bd1622;\n}\n#text-1639225355 > * {\n  color: #bd1622;\n}\n@media (min-width:550px) {\n  #text-1639225355 {\n    font-size: 1.95rem;\n  }\n}\n<\/style>\n\t<\/div>\n\t\n<div class=\"is-divider divider clearfix\" style=\"margin-top:0px;margin-bottom:0px;max-width:100%;background-color:rgb(167, 51, 54);\"><\/div>\n\t<div id=\"gap-327657207\" class=\"gap-element clearfix\" style=\"display:block; height:auto;\">\n\t\t\n<style>\n#gap-327657207 {\n  padding-top: 30px;\n}\n<\/style>\n\t<\/div>\n\t\n<div class=\"row\"  id=\"row-1169644987\">\n\n\t<div id=\"col-621941208\" class=\"col medium-4 small-12 large-4\"  >\n\t\t\t\t<div class=\"col-inner\"  >\n\t\t\t\n\t\t\t\n<div class=\"pricing-table-wrapper\">\n  <div class=\"pricing-table ux_price_table text-center box-shadow-3-hover\">\n    <div class=\"pricing-table-header\">\n      <div class=\"title uppercase strong\">Schedule<\/div>\n      <div class=\"price is-xxlarge\">2021<\/div>\n              <div class=\"description is-small\">\n          Agenda completa del 24\u00b0 Seminario        <\/div>\n          <\/div>\n    <div class=\"pricing-table-items items\">\n      \n<a href=\"\/seminarios\/materiales\/24\/24SEM_Agenda_definitiva.pdf\" target=\"_blank\" class=\"button alert is-link is-small lowercase\" rel=\"noopener\" >\n\t\t<span>Descargar<\/span>\n\t<\/a>\n\n    <\/div>\n      <\/div>\n<\/div>\n\n\n<div class=\"pricing-table-wrapper\">\n  <div class=\"pricing-table ux_price_table text-center box-shadow-3-hover\">\n    <div class=\"pricing-table-header\">\n      <div class=\"title uppercase strong\">MI\u00c9RCOLES<\/div>\n      <div class=\"price is-xxlarge\">25 de Agosto<\/div>\n          <\/div>\n    <div class=\"pricing-table-items items\">\n      \n<div class=\"bullet-item\" title=\"\"><span class=\"text\">PLENARIO. Conferencia: Educaci\u00f3n y solidaridad durante y despu\u00e9s de la pandemia.<\/span><\/div>\n<a href=\"\/seminarios\/materiales\/24\/24_NievesTapia.pdf\" target=\"_blank\" class=\"button alert is-link is-small lowercase\" rel=\"noopener\" >\n\t\t<span>Prof. Mar\u00eda Nieves Tapia, fundadora y directora de CLAYSS<\/span>\n\t<\/a>\n\n    <\/div>\n      <\/div>\n<\/div>\n\n\n\t\t<\/div>\n\t\t\t\t\t<\/div>\n\n\t\n\n\t<div id=\"col-624380100\" class=\"col medium-4 small-12 large-4\"  >\n\t\t\t\t<div class=\"col-inner\"  >\n\t\t\t\n\t\t\t\n<div class=\"pricing-table-wrapper\">\n  <div class=\"pricing-table ux_price_table text-center box-shadow-3-hover\">\n    <div class=\"pricing-table-header\">\n      <div class=\"title uppercase strong\">JUEVES<\/div>\n      <div class=\"price is-xxlarge\">26 de Agosto<\/div>\n          <\/div>\n    <div class=\"pricing-table-items items\">\n      \n<div class=\"bullet-item\" title=\"\"><span class=\"text\">PLENARIO: La pandemia como oportunidad para educar en y para la solidaridad.<\/span><\/div>\n<a href=\"\/seminarios\/materiales\/24\/24_Plenario_opp_Mariar.pdf\" target=\"_blank\" class=\"button alert is-link is-small lowercase\" rel=\"noopener\" >\n\t\t<span>Mar\u00eda Rosa Tapia, CLAYSS<\/span>\n\t<\/a>\n\n<a href=\"\/seminarios\/materiales\/24\/24_Plenario_opp_McIlrath.pdf\" target=\"_blank\" class=\"button alert is-link is-small lowercase\" rel=\"noopener\" >\n\t\t<span>Lorraine Mac Ilrath, Galway University, Irlanda<\/span>\n\t<\/a>\n\n<div class=\"bullet-item\" title=\"\"><span class=\"text\">PLENARIO: Aprendizaje-servicio virtual e \u201ch\u00edbrido\u201d. Experiencias y perspectivas.<\/span><\/div>\n<a href=\"\/seminarios\/materiales\/24\/24_hibrido_Pisasic.pdf\" target=\"_blank\" class=\"button alert is-link is-small lowercase\" rel=\"noopener\" >\n\t\t<span><\/span>\n\t<\/a>\n\n<a href=\"\/seminarios\/materiales\/24\/24_hibrido_Minusi.pdf\" target=\"_blank\" class=\"button alert is-link is-small lowercase\" rel=\"noopener\" >\n\t\t<span>Ester Minussi, Escuela N\u00b04-247, Campo Los Andes, Mendoza, Argentina<\/span>\n\t<\/a>\n\n<a href=\"\/seminarios\/materiales\/24\/24_hibrido_Caldea.pdf\" target=\"_blank\" class=\"button alert is-link is-small lowercase\" rel=\"noopener\" >\n\t\t<span>Jimi Caldea, Universidad de La Salle, Filipinas<\/span>\n\t<\/a>\n\n<a href=\"\/seminarios\/materiales\/24\/24_hibrido_Kimakul.pdf\" target=\"_blank\" class=\"button alert is-link is-small lowercase\" rel=\"noopener\" >\n\t\t<span>Sahara Calder\u00f3n, Universidad de Monterrey, M\u00e9xico<\/span>\n\t<\/a>\n\n<div class=\"bullet-item\" title=\"\"><span class=\"text\">PANEL: Aprendizaje-servicio en escuelas y organizaciones sociales durante la pandemia<\/span><\/div>\n<a href=\"\/seminarios\/materiales\/24\/24_Panel_AYSS_ESC-ONG_Capdevila.pdf\" target=\"_blank\" class=\"button alert is-link is-small lowercase\" rel=\"noopener\" >\n\t\t<span>Estela Raquel P\u00e9rez, Escuela t\u00e9cnica N\u00b0 4-005 \u201cJosefa Capdevila\u201d, Mendoza, Argentina<\/span>\n\t<\/a>\n\n<a href=\"\/seminarios\/materiales\/24\/24_Panel_AYSS_ESC-ONG_YOUTHK.pdf\" target=\"_blank\" class=\"button alert is-link is-small lowercase\" rel=\"noopener\" >\n\t\t<span>Djellza Stullca y Marigona Jusufi, Helpful Teens, Kosovo<\/span>\n\t<\/a>\n\n<a href=\"\/seminarios\/materiales\/24\/24_Panel_AYSS_ESC-ONG_1.PDF\" target=\"_blank\" class=\"button alert is-link is-small lowercase\" rel=\"noopener\" >\n\t\t<span>Roser Batlle, Red Espa\u00f1ola de Aprendizaje-Servicio<\/span>\n\t<\/a>\n\n<a href=\"\/seminarios\/materiales\/24\/24_Panel_AYSS_ESC-ONG_2.pdf\" target=\"_blank\" class=\"button alert is-link is-small lowercase\" rel=\"noopener\" >\n\t\t<span>Elizabeth Fern\u00e1ndez y Gerardo Borggio, Escuela T\u00e9cnica Superior Mercedes \u201cPedro Blanes Viale\u201d, Mercedes, Uruguay<\/span>\n\t<\/a>\n\n<div class=\"bullet-item\" title=\"\"><span class=\"text\">PANEL: Aprendizaje-servicio en la Educaci\u00f3n Superior durante la pandemia.<\/span><\/div>\n<a href=\"\/seminarios\/materiales\/24\/24_Panel_AYSS_EDSUP_Caire.pdf\" target=\"_blank\" class=\"button alert is-link is-small lowercase\" rel=\"noopener\" >\n\t\t<span>Manuel Caire, Universidad Cat\u00f3lica de Chile<\/span>\n\t<\/a>\n\n<a href=\"\/seminarios\/materiales\/24\/24_Panel_AYSS_EDSUP_Pink.pdf\" target=\"_blank\" class=\"button alert is-link is-small lowercase\" rel=\"noopener\" >\n\t\t<span>Mathew Pink, Universidad Cat\u00f3lica de Australia<\/span>\n\t<\/a>\n\n<a href=\"\/seminarios\/materiales\/24\/24_Panel_AYSS_EDSUP_UNMSM.pdf\" target=\"_blank\" class=\"button alert is-link is-small lowercase\" rel=\"noopener\" >\n\t\t<span>Sonia Antezana Alzamora, Universidad Mayor San Marcos, Per\u00fa<\/span>\n\t<\/a>\n\n<a href=\"\/seminarios\/materiales\/24\/24_Panel_AYSS_EDSUP_Reynaga.pdf\" target=\"_blank\" class=\"button alert is-link is-small lowercase\" rel=\"noopener\" >\n\t\t<span>Adriana Reynaga, UNAM, M\u00e9xico<\/span>\n\t<\/a>\n\n<div class=\"bullet-item\" title=\"\"><span class=\"text\">PANEL: Aprendizaje-servicio solidario en las Artes.<\/span><\/div>\n<a href=\"\/seminarios\/materiales\/24\/24_artes_Guatteo.pdf\" target=\"_blank\" class=\"button alert is-link is-small lowercase\" rel=\"noopener\" >\n\t\t<span>Mar\u00eda Cecilia Guatteo, Escuela Secundaria No145, Rio Negro, Argentina<\/span>\n\t<\/a>\n\n<a href=\"\/seminarios\/materiales\/24\/24_artes_Chacon.pdf\" target=\"_blank\" class=\"button alert is-link is-small lowercase\" rel=\"noopener\" >\n\t\t<span>Kelly Brigitte Chac\u00f3n Salinas, Escuela Mar\u00eda Parado de Bellido, Lima, Per\u00fa<\/span>\n\t<\/a>\n\n<a href=\"\/seminarios\/materiales\/24\/24_artes_Martinez.pdf\" target=\"_blank\" class=\"button alert is-link is-small lowercase\" rel=\"noopener\" >\n\t\t<span>Guillermo Martinez Cabrera, Escuela Secundaria No 49 de Tilcara, Jujuy, Argentina<\/span>\n\t<\/a>\n\n    <\/div>\n      <\/div>\n<\/div>\n\n\n\t\t<\/div>\n\t\t\t\t\t<\/div>\n\n\t\n\n\t<div id=\"col-282489249\" class=\"col medium-4 small-12 large-4\"  >\n\t\t\t\t<div class=\"col-inner\"  >\n\t\t\t\n\t\t\t\n<div class=\"pricing-table-wrapper\">\n  <div class=\"pricing-table ux_price_table text-center box-shadow-3-hover\">\n    <div class=\"pricing-table-header\">\n      <div class=\"title uppercase strong\">VIERNES<\/div>\n      <div class=\"price is-xxlarge\">27 de Agosto<\/div>\n          <\/div>\n    <div class=\"pricing-table-items items\">\n      \n<div class=\"bullet-item\" title=\"\"><span class=\"text\">PLENARIO: Aprendizaje-servicio presencial durante la pandemia. Experiencias y perspectivas.<\/span><\/div>\n<a href=\"\/seminarios\/materiales\/24\/24_Panel_AYSS_PRESENCIAL_Sabinio.pdf\" target=\"_blank\" class=\"button alert is-link is-small lowercase\" rel=\"noopener\" >\n\t\t<span>Noelia Sabinio, Licenciatura en Nutrici\u00f3n, UBA, Argentina<\/span>\n\t<\/a>\n\n<a href=\"\/seminarios\/materiales\/24\/24_Panel_AYSS_PRESENCIAL_Borlandelli.pdf\" target=\"_blank\" class=\"button alert is-link is-small lowercase\" rel=\"noopener\" >\n\t\t<span><\/span>\n\t<\/a>\n\n<a href=\"\/seminarios\/materiales\/24\/24_Panel_AYSS_PRESENCIAL_Halilovic.pdf\" target=\"_blank\" class=\"button alert is-link is-small lowercase\" rel=\"noopener\" >\n\t\t<span>Ernes Halilovi\u0107, 2nd Primary School, Bosnia-Herzegovina<\/span>\n\t<\/a>\n\n<a href=\"\/seminarios\/materiales\/24\/24_Panel_AYSS_PRESENCIAL_BRBARA.pdf\" target=\"_blank\" class=\"button alert is-link is-small lowercase\" rel=\"noopener\" >\n\t\t<span>Barbara Rodrigues, E.E. Prof. Sebasti\u00e3o de O. Rocha, San Paulo, Brasil<\/span>\n\t<\/a>\n\n<div class=\"bullet-item\" title=\"\"><span class=\"text\">PLENARIO: Experiencias premiadas en las voces de sus protagonistas.<\/span><\/div>\n<a href=\"\/seminarios\/materiales\/24\/24_premiadas_UNSAM.pdf\" target=\"_blank\" class=\"button alert is-link is-small lowercase\" rel=\"noopener\" >\n\t\t<span>Ramiro Garc\u00eda, Escuela Secundaria T\u00e9cnica de la UNSAM, Argentina<\/span>\n\t<\/a>\n\n<a href=\"\/seminarios\/materiales\/24\/24_premiadas_LICEO.pdf\" target=\"_blank\" class=\"button alert is-link is-small lowercase\" rel=\"noopener\" >\n\t\t<span>Cecilia Paz, Liceo de Tiempo Completo de Pintadito, Artigas, Uruguay<\/span>\n\t<\/a>\n\n<a href=\"\/seminarios\/materiales\/24\/24_premiadas_MARLIC.pdf\" target=\"_blank\" class=\"button alert is-link is-small lowercase\" rel=\"noopener\" >\n\t\t<span>Marli Correia, EMEF Padre Jos\u00e9 Pegoraro, San Pablo, Brasil<\/span>\n\t<\/a>\n\n<a href=\"\/seminarios\/materiales\/24\/24_premiadas_PRESEN.pdf\" target=\"_blank\" class=\"button alert is-link is-small lowercase\" rel=\"noopener\" >\n\t\t<span>Carmen Olteanu e Ileana Carmen Damean, Escuela \u201cSava Popovici Barcianu\u201d R\u0103\u0219inari, Sibiu, Rumania<\/span>\n\t<\/a>\n\n<a href=\"\/seminarios\/materiales\/24\/24_premiadas_INTERN.pdf\" target=\"_blank\" class=\"button alert is-link is-small lowercase\" rel=\"noopener\" >\n\t\t<span>Diana Hornby, Rhodes University, Sud\u00e1frica<\/span>\n\t<\/a>\n\n<div class=\"bullet-item\" title=\"\"><span class=\"text\">MESA REDONDA: \u00bfQu\u00e9 estrategias y protocolos necesitamos para salir a terreno con proyectos de aprendizaje-servicio solidario en la pandemia?<\/span><\/div>\n<a href=\"\/seminarios\/materiales\/24\/24_MesaR_JudithPete.pdf\" target=\"_blank\" class=\"button alert is-link is-small lowercase\" rel=\"noopener\" >\n\t\t<span>Judith Pete, Tangaza College, Kenya<\/span>\n\t<\/a>\n\n<div class=\"bullet-item\" title=\"\"><span class=\"text\">PANEL: Aprendizaje-servicio al servicio de la salud.<\/span><\/div>\n<a href=\"\/seminarios\/materiales\/24\/24_Panel_SALUD_BAQUERO.pdf\" target=\"_blank\" class=\"button alert is-link is-small lowercase\" rel=\"noopener\" >\n\t\t<span>Oswaldo Santos Baquero, Universidad de San Pablo, Brasil<\/span>\n\t<\/a>\n\n<a href=\"\/seminarios\/materiales\/24\/24_Panel_SALUD_TERAN.pdf\" target=\"_blank\" class=\"button alert is-link is-small lowercase\" rel=\"noopener\" >\n\t\t<span>Enrique Ter\u00e1n y Evelina Ter\u00e1n, Colegio Pablo Ap\u00f3stol, Tucum\u00e1n, Argentina<\/span>\n\t<\/a>\n\n<a href=\"\/seminarios\/materiales\/24\/24_Panel_SALUD_HWAI-LIN.pdf\" target=\"_blank\" class=\"button alert is-link is-small lowercase\" rel=\"noopener\" >\n\t\t<span>Hwai Lin, Universidad de Ciencias Sociales de Singapur<\/span>\n\t<\/a>\n\n<a href=\"\/seminarios\/materiales\/24\/24_Panel_SALUD_Moreano.pdf\" target=\"_blank\" class=\"button alert is-link is-small lowercase\" rel=\"noopener\" >\n\t\t<span>Carlos Marcelo Moreano Barrag\u00e1n, Pontificia Universidad Cat\u00f3lica de Ecuador<\/span>\n\t<\/a>\n\n<div class=\"bullet-item\" title=\"\"><span class=\"text\">PANEL: Aprendizaje-servicio solidario y cuidado del ambiente.<\/span><\/div>\n<a href=\"\/seminarios\/materiales\/24\/24_Panel_MEDIOAMB_BORISS.pdf\" target=\"_blank\" class=\"button alert is-link is-small lowercase\" rel=\"noopener\" >\n\t\t<span><\/span>\n\t<\/a>\n\n<a href=\"\/seminarios\/materiales\/24\/24_Panel_MEDIOAMB_DAGMAR.pdf\" target=\"_blank\" class=\"button alert is-link is-small lowercase\" rel=\"noopener\" >\n\t\t<span>Dagmar Jani\u0161ov\u00e1 y Brozmanova Gregorova Alzbeta, Elementary school Zemianska Ol\u010da, Eslovaquia<\/span>\n\t<\/a>\n\n<a href=\"\/seminarios\/materiales\/24\/24_Panel_MEDIOAMB_SHEILA.pdf\" target=\"_blank\" class=\"button alert is-link is-small lowercase\" rel=\"noopener\" >\n\t\t<span>Sheila Ascencio y Nadin Bayramova, Luanda International School, Angola<\/span>\n\t<\/a>\n\n<a href=\"\/seminarios\/materiales\/24\/24_Panel_MEDIOAMB_ANNE-K1.pdf\" target=\"_blank\" class=\"button alert is-link is-small lowercase\" rel=\"noopener\" >\n\t\t<span>Anne Lindau, Universidad Cat\u00f3lica de Eichst\u00e4tt, Alemania<\/span>\n\t<\/a>\n\n    <\/div>\n      <\/div>\n<\/div>\n\n\n\t\t<\/div>\n\t\t\t\t\t<\/div>\n\n\t\n<\/div>\n<div class=\"video video-fit mb\" style=\"padding-top:56.25%;\"><p><iframe loading=\"lazy\" title=\"Apertura del 24\u00b0 SEMINARIO INTERNACIONAL - Conferencia inaugural: Mar\u00eda Nieves Tapia\" width=\"1020\" height=\"574\" src=\"https:\/\/www.youtube.com\/embed\/ArDgGkNZ1a0?feature=oembed\" frameborder=\"0\" allow=\"accelerometer; autoplay; clipboard-write; encrypted-media; gyroscope; picture-in-picture; web-share\" allowfullscreen><\/iframe><\/p>\n<\/div>\n\t\t<\/div>\n\t\t\t\t\n<style>\n#col-2093332914 > .col-inner {\n  padding: 60px 0px 0px 0px;\n}\n<\/style>\n\t<\/div>\n\n\t\n<\/div>\n","protected":false},"excerpt":{"rendered":"","protected":false},"author":4,"featured_media":0,"parent":0,"menu_order":0,"comment_status":"closed","ping_status":"closed","template":"page-blank.php","meta":{"_monsterinsights_skip_tracking":false,"_monsterinsights_sitenote_active":false,"_monsterinsights_sitenote_note":"","_monsterinsights_sitenote_category":0,"iawp_total_views":1,"footnotes":""},"class_list":["post-5037","page","type-page","status-publish","hentry"],"yoast_head":"<!-- This site is optimized with the Yoast SEO plugin v27.5 - https:\/\/yoast.com\/product\/yoast-seo-wordpress\/ -->\n<title>24th materials - CLAYSS<\/title>\n<meta name=\"robots\" content=\"index, follow, max-snippet:-1, max-image-preview:large, max-video-preview:-1\" \/>\n<link rel=\"canonical\" href=\"https:\/\/test.clayss.org\/materiales-24-seminario\/\" \/>\n<meta property=\"og:locale\" content=\"en_US\" \/>\n<meta property=\"og:type\" content=\"article\" \/>\n<meta property=\"og:title\" content=\"24th materials - CLAYSS\" \/>\n<meta property=\"og:url\" content=\"https:\/\/test.clayss.org\/materiales-24-seminario\/\" \/>\n<meta property=\"og:site_name\" content=\"CLAYSS\" \/>\n<meta property=\"article:modified_time\" content=\"2024-07-25T05:40:59+00:00\" \/>\n<meta name=\"twitter:card\" content=\"summary_large_image\" \/>\n<meta name=\"twitter:label1\" content=\"Est. reading time\" \/>\n\t<meta name=\"twitter:data1\" content=\"4 minutes\" \/>\n<script type=\"application\/ld+json\" class=\"yoast-schema-graph\">{\"@context\":\"https:\\\/\\\/schema.org\",\"@graph\":[{\"@type\":\"WebPage\",\"@id\":\"https:\\\/\\\/test.clayss.org\\\/materiales-24-seminario\\\/\",\"url\":\"https:\\\/\\\/test.clayss.org\\\/materiales-24-seminario\\\/\",\"name\":\"24th materials - CLAYSS\",\"isPartOf\":{\"@id\":\"https:\\\/\\\/test.clayss.org\\\/#website\"},\"datePublished\":\"2024-02-26T14:53:07+00:00\",\"dateModified\":\"2024-07-25T05:40:59+00:00\",\"breadcrumb\":{\"@id\":\"https:\\\/\\\/test.clayss.org\\\/materiales-24-seminario\\\/#breadcrumb\"},\"inLanguage\":\"en-US\",\"potentialAction\":[{\"@type\":\"ReadAction\",\"target\":[\"https:\\\/\\\/test.clayss.org\\\/materiales-24-seminario\\\/\"]}]},{\"@type\":\"BreadcrumbList\",\"@id\":\"https:\\\/\\\/test.clayss.org\\\/materiales-24-seminario\\\/#breadcrumb\",\"itemListElement\":[{\"@type\":\"ListItem\",\"position\":1,\"name\":\"Portada\",\"item\":\"https:\\\/\\\/test.clayss.org\\\/en\\\/\"},{\"@type\":\"ListItem\",\"position\":2,\"name\":\"24th materials\"}]},{\"@type\":\"WebSite\",\"@id\":\"https:\\\/\\\/test.clayss.org\\\/#website\",\"url\":\"https:\\\/\\\/test.clayss.org\\\/\",\"name\":\"CLAYSS\",\"description\":\"\",\"potentialAction\":[{\"@type\":\"SearchAction\",\"target\":{\"@type\":\"EntryPoint\",\"urlTemplate\":\"https:\\\/\\\/test.clayss.org\\\/?s={search_term_string}\"},\"query-input\":{\"@type\":\"PropertyValueSpecification\",\"valueRequired\":true,\"valueName\":\"search_term_string\"}}],\"inLanguage\":\"en-US\"}]}<\/script>\n<!-- \/ Yoast SEO plugin. -->","yoast_head_json":{"title":"24th materials - CLAYSS","robots":{"index":"index","follow":"follow","max-snippet":"max-snippet:-1","max-image-preview":"max-image-preview:large","max-video-preview":"max-video-preview:-1"},"canonical":"https:\/\/test.clayss.org\/materiales-24-seminario\/","og_locale":"en_US","og_type":"article","og_title":"24th materials - CLAYSS","og_url":"https:\/\/test.clayss.org\/materiales-24-seminario\/","og_site_name":"CLAYSS","article_modified_time":"2024-07-25T05:40:59+00:00","twitter_card":"summary_large_image","twitter_misc":{"Est. reading time":"4 minutes"},"schema":{"@context":"https:\/\/schema.org","@graph":[{"@type":"WebPage","@id":"https:\/\/test.clayss.org\/materiales-24-seminario\/","url":"https:\/\/test.clayss.org\/materiales-24-seminario\/","name":"24th materials - CLAYSS","isPartOf":{"@id":"https:\/\/test.clayss.org\/#website"},"datePublished":"2024-02-26T14:53:07+00:00","dateModified":"2024-07-25T05:40:59+00:00","breadcrumb":{"@id":"https:\/\/test.clayss.org\/materiales-24-seminario\/#breadcrumb"},"inLanguage":"en-US","potentialAction":[{"@type":"ReadAction","target":["https:\/\/test.clayss.org\/materiales-24-seminario\/"]}]},{"@type":"BreadcrumbList","@id":"https:\/\/test.clayss.org\/materiales-24-seminario\/#breadcrumb","itemListElement":[{"@type":"ListItem","position":1,"name":"Portada","item":"https:\/\/test.clayss.org\/en\/"},{"@type":"ListItem","position":2,"name":"24th materials"}]},{"@type":"WebSite","@id":"https:\/\/test.clayss.org\/#website","url":"https:\/\/test.clayss.org\/","name":"CLAYSS","description":"","potentialAction":[{"@type":"SearchAction","target":{"@type":"EntryPoint","urlTemplate":"https:\/\/test.clayss.org\/?s={search_term_string}"},"query-input":{"@type":"PropertyValueSpecification","valueRequired":true,"valueName":"search_term_string"}}],"inLanguage":"en-US"}]}},"_links":{"self":[{"href":"https:\/\/test.clayss.org\/en\/wp-json\/wp\/v2\/pages\/5037","targetHints":{"allow":["GET"]}}],"collection":[{"href":"https:\/\/test.clayss.org\/en\/wp-json\/wp\/v2\/pages"}],"about":[{"href":"https:\/\/test.clayss.org\/en\/wp-json\/wp\/v2\/types\/page"}],"author":[{"embeddable":true,"href":"https:\/\/test.clayss.org\/en\/wp-json\/wp\/v2\/users\/4"}],"replies":[{"embeddable":true,"href":"https:\/\/test.clayss.org\/en\/wp-json\/wp\/v2\/comments?post=5037"}],"version-history":[{"count":3,"href":"https:\/\/test.clayss.org\/en\/wp-json\/wp\/v2\/pages\/5037\/revisions"}],"predecessor-version":[{"id":5059,"href":"https:\/\/test.clayss.org\/en\/wp-json\/wp\/v2\/pages\/5037\/revisions\/5059"}],"wp:attachment":[{"href":"https:\/\/test.clayss.org\/en\/wp-json\/wp\/v2\/media?parent=5037"}],"curies":[{"name":"wp","href":"https:\/\/api.w.org\/{rel}","templated":true}]}}