{"id":5051,"date":"2024-02-27T22:44:50","date_gmt":"2024-02-28T01:44:50","guid":{"rendered":"https:\/\/www.clayss.org\/materiales-23-seminario\/"},"modified":"2024-07-25T02:34:50","modified_gmt":"2024-07-25T05:34:50","slug":"materials-23rd","status":"publish","type":"page","link":"https:\/\/test.clayss.org\/en\/materials-23rd\/","title":{"rendered":"materials 23rd"},"content":{"rendered":"<div class=\"row row-collapse row-full-width align-equal\"  id=\"row-1228773296\">\n\n\t<div id=\"col-1415441176\" class=\"col medium-8 small-12 large-8\"  >\n\t\t\t\t<div class=\"col-inner\"  >\n\t\t\t\n\t\t\t\n\n  <div class=\"banner has-hover\" id=\"banner-249296527\">\n          <div class=\"banner-inner fill\">\n        <div class=\"banner-bg fill\" >\n            <img loading=\"lazy\" decoding=\"async\" width=\"1020\" height=\"401\" src=\"https:\/\/test.clayss.org\/wp-content\/uploads\/2024\/02\/23-1024x403.jpg\" class=\"bg attachment-large size-large\" alt=\"\" \/>                                    \n                    <\/div>\n\t\t\n        <div class=\"banner-layers container\">\n            <div class=\"fill banner-link\"><\/div>            \n        <\/div>\n      <\/div>\n\n            \n<style>\n#banner-249296527 {\n  padding-top: 65%;\n  background-color: rgb(242, 145, 0);\n}\n@media (min-width:550px) {\n  #banner-249296527 {\n    padding-top: 500px;\n  }\n}\n<\/style>\n  <\/div>\n\n\n\t\t<\/div>\n\t\t\t\t\t<\/div>\n\n\t\n\n\t<div id=\"col-737789950\" class=\"col medium-4 small-12 large-4\"  >\n\t\t\t\t<div class=\"col-inner\" style=\"background-color:rgb(242, 145, 0);\" >\n\t\t\t\n\t\t\t\n<div class=\"row row-collapse row-full-width align-equal\"  id=\"row-1373237187\">\n\n\n\t<div id=\"col-535268026\" class=\"col small-12 large-12\"  >\n\t\t\t\t<div class=\"col-inner dark\" style=\"background-color:rgb(242, 145, 0);\" >\n\t\t\t\n\t\t\t\n\n<h2>Previous Conferences materials<\/h2>\n\t<div id=\"gap-398254361\" class=\"gap-element clearfix\" style=\"display:block; height:auto;\">\n\t\t\n<style>\n#gap-398254361 {\n  padding-top: 10%;\n}\n<\/style>\n\t<\/div>\n\t\n\n\t<div class=\"ux-menu stack stack-col justify-start ux-menu--divider-solid\">\n\t\t\n\n\t<div class=\"ux-menu-link flex menu-item menuflecha\">\n\t\t<a class=\"ux-menu-link__link flex\" href=\"https:\/\/seminario.clayss.org\/2024\/en\/\" target=\"_blank\" rel=\"noopener\">\n\t\t\t<i class=\"ux-menu-link__icon text-center icon-angle-right\" aria-hidden=\"true\"><\/i>\t\t\t<span class=\"ux-menu-link__text\">\n\t\t\t\tInternational Service-Learning Conference\t\t\t<\/span>\n\t\t<\/a>\n\t<\/div>\n\t\n\n\t<div class=\"ux-menu-link flex menu-item menuflecha\">\n\t\t<a class=\"ux-menu-link__link flex\" href=\"https:\/\/www.clayss.org\/en\/previous-conferences-materials\/\" >\n\t\t\t<i class=\"ux-menu-link__icon text-center icon-angle-right\" aria-hidden=\"true\"><\/i>\t\t\t<span class=\"ux-menu-link__text\">\n\t\t\t\tPrevious Conferences Materials\t\t\t<\/span>\n\t\t<\/a>\n\t<\/div>\n\t\n\n\t<div class=\"ux-menu-link flex menu-item menuflecha\">\n\t\t<a class=\"ux-menu-link__link flex\" href=\"https:\/\/www.clayss.org\/archivos-del-ministerio-de-educacion\/\" target=\"_blank\" rel=\"noopener\">\n\t\t\t<i class=\"ux-menu-link__icon text-center icon-angle-right\" aria-hidden=\"true\"><\/i>\t\t\t<span class=\"ux-menu-link__text\">\n\t\t\t\tProceedings of past International Service-Learning Conferences\t\t\t<\/span>\n\t\t<\/a>\n\t<\/div>\n\t\n\n\n\t<\/div>\n\t\n\n\t\t<\/div>\n\t\t\t\t\n<style>\n#col-535268026 > .col-inner {\n  padding: 30px 30px 30px 30px;\n  margin: 0px 0px 0px 0px;\n}\n<\/style>\n\t<\/div>\n\n\t\n\n\n<style>\n#row-1373237187 > .col > .col-inner {\n  background-color: rgb(248, 177, 51);\n}\n<\/style>\n<\/div>\n\t\t<\/div>\n\t\t\t\t\t<\/div>\n\n\t\n<\/div>\n<div class=\"row align-equal\"  id=\"row-1640422199\">\n\n\t<div id=\"col-175857249\" class=\"col small-12 large-12\"  >\n\t\t\t\t<div class=\"col-inner\"  >\n\t\t\t\n\t\t\t\n<span class=\"scroll-to\" data-label=\"Scroll to: #publicaciones-academicas\" data-bullet=\"false\" data-link=\"#publicaciones-academicas\" data-title=\"Publicaciones academicas\"><a name=\"publicaciones-academicas\"><\/a><\/span>\n\t<div id=\"text-3848118802\" class=\"text titulo\">\n\t\t\n<p style=\"margin: 0;\"><span style=\"font-family: 'Montserrat'; margin: 0;\">23rd International Service-Learning Conference<\/span><\/p>\n\t\t\n<style>\n#text-3848118802 {\n  font-size: 1.5rem;\n  line-height: 1.25;\n  text-align: center;\n  color: #bd1622;\n}\n#text-3848118802 > * {\n  color: #bd1622;\n}\n@media (min-width:550px) {\n  #text-3848118802 {\n    font-size: 1.95rem;\n  }\n}\n<\/style>\n\t<\/div>\n\t\n<div class=\"is-divider divider clearfix\" style=\"margin-top:0px;margin-bottom:0px;max-width:100%;background-color:rgb(167, 51, 54);\"><\/div>\n\t<div id=\"gap-1502211523\" class=\"gap-element clearfix\" style=\"display:block; height:auto;\">\n\t\t\n<style>\n#gap-1502211523 {\n  padding-top: 30px;\n}\n<\/style>\n\t<\/div>\n\t\n<div class=\"row\"  id=\"row-988171380\">\n\n\t<div id=\"col-1754712451\" class=\"col medium-4 small-12 large-4\"  >\n\t\t\t\t<div class=\"col-inner\"  >\n\t\t\t\n\t\t\t\n<div class=\"pricing-table-wrapper\">\n  <div class=\"pricing-table ux_price_table text-center box-shadow-3-hover\">\n    <div class=\"pricing-table-header\">\n      <div class=\"title uppercase strong\">Schedule<\/div>\n      <div class=\"price is-xxlarge\">2020<\/div>\n              <div class=\"description is-small\">\n          Agenda completa del 23\u00b0 Seminario        <\/div>\n          <\/div>\n    <div class=\"pricing-table-items items\">\n      \n<a href=\"\/seminarios\/materiales\/23\/23seminario_2020.pdf\" target=\"_blank\" class=\"button alert is-link is-small lowercase\" rel=\"noopener\" >\n\t\t<span>Download<\/span>\n\t<\/a>\n\n    <\/div>\n      <\/div>\n<\/div>\n\n\n<div class=\"pricing-table-wrapper\">\n  <div class=\"pricing-table ux_price_table text-center box-shadow-3-hover\">\n    <div class=\"pricing-table-header\">\n      <div class=\"title uppercase strong\">Wednesday<\/div>\n      <div class=\"price is-xxlarge\">26th<\/div>\n          <\/div>\n    <div class=\"pricing-table-items items\">\n      \n<div class=\"bullet-item\" title=\"\"><span class=\"text\">PLENARIO: La pedagog\u00eda del aprendizaje-servicio durante y despu\u00e9s de las pandemias.<\/span><\/div>\n<a href=\"\/seminarios\/materiales\/23\/Apertura%20Nieves%20Tapia\/.pdf\" target=\"_blank\" class=\"button alert is-link is-small lowercase\" rel=\"noopener\" >\n\t\t<span>Prof. Mar\u00eda Nieves Tapia, fundadora y directora de CLAYSS<\/span>\n\t<\/a>\n\n    <\/div>\n      <\/div>\n<\/div>\n\n\n\t\t<\/div>\n\t\t\t\t\t<\/div>\n\n\t\n\n\t<div id=\"col-183438442\" class=\"col medium-4 small-12 large-4\"  >\n\t\t\t\t<div class=\"col-inner\"  >\n\t\t\t\n\t\t\t\n<div class=\"pricing-table-wrapper\">\n  <div class=\"pricing-table ux_price_table text-center box-shadow-3-hover\">\n    <div class=\"pricing-table-header\">\n      <div class=\"title uppercase strong\">Thursday<\/div>\n      <div class=\"price is-xxlarge\">27th<\/div>\n          <\/div>\n    <div class=\"pricing-table-items items\">\n      \n<div class=\"bullet-item\" title=\"\"><span class=\"text\">PANEL: Aprendizaje-servicio solidario en el nivel Inicial y la escuela primaria.<\/span><\/div>\n<a href=\"\/seminarios\/materiales\/23\/AYSS%20Educaci\u00f3n%20Inicial%20Primaria\/23Sem_plantilla_Baisoara-Revive....pdf\" target=\"_blank\" class=\"button alert is-link is-small lowercase\" rel=\"noopener\" >\n\t\t<span>Simina Bejenaru y Florentina Ghisa, Transylvania College, Baisoara, Rumania<\/span>\n\t<\/a>\n\n<a href=\"\/seminarios\/materiales\/23\/AYSS%20Educaci\u00f3n%20Inicial%20Primaria\/noti%20ranco%20PEI%201.pdf\" target=\"_blank\" class=\"button alert is-link is-small lowercase\" rel=\"noopener\" >\n\t\t<span>Patricia Rosa, Escuela 1-681 \u201cJos\u00e9 Ranco\u201d, Malarg\u00fce, Argentina.<\/span>\n\t<\/a>\n\n<div class=\"bullet-item\" title=\"\"><span class=\"text\">PANEL: Aprendizaje-servicio solidario en la escuela secundaria y t\u00e9cnica.<\/span><\/div>\n<a href=\"\/seminarios\/materiales\/23\/AYSS%20en%20Escuelas%20Secundarias%20y%20T\u00e9cnicas\/Liceo%2047,%20Montevideo%20con%20video-%20SEMINARIO%20INTERNACIONAL%202020.pdf\" target=\"_blank\" class=\"button alert is-link is-small lowercase\" rel=\"noopener\" >\n\t\t<span>Silvia Bocchi, Liceo n\u00b047 \u201cDr. Hugo Batalla\u201d, La Teja, Uruguay<\/span>\n\t<\/a>\n\n<a href=\"\/seminarios\/materiales\/23\/AYSS%20en%20Escuelas%20Secundarias%20y%20T\u00e9cnicas\/PPT%20for%20Service%20learning%20project%20-%20Albania.pdf\" target=\"_blank\" class=\"button alert is-link is-small lowercase\" rel=\"noopener\" >\n\t\t<span>Aferdita Gjoni, Mary Ward Loreto Foundation, Lezhe, Albania;<\/span>\n\t<\/a>\n\n<a href=\"\/seminarios\/materiales\/23\/AYSS%20en%20Escuelas%20Secundarias%20y%20T\u00e9cnicas\/PPT%20-%20Esc.%20Media%20Mancopa%20(2).pdf\" target=\"_blank\" class=\"button alert is-link is-small lowercase\" rel=\"noopener\" >\n\t\t<span>Denize Groff, Escola Municipal de Ensino Fundamental \u201cMaria Em\u00edlia de Paula\u201d, Sapiranga, Brasil;<\/span>\n\t<\/a>\n\n<a href=\"\/seminarios\/materiales\/23\/AYSS%20en%20Escuelas%20Secundarias%20y%20T\u00e9cnicas\/Michele%20Porfiri%20-%20El%20Digital%20Storytelling%20como%20herramienta%20para%20la%20reflexi\u00f3n%20en%20proyectos%20de%20ApS.pdf\" target=\"_blank\" class=\"button alert is-link is-small lowercase\" rel=\"noopener\" >\n\t\t<span>Michele Porfiri, Universit\u00e0 degli Studi di Padova, Italia.<\/span>\n\t<\/a>\n\n<div class=\"bullet-item\" title=\"\"><span class=\"text\">PANEL: Aprendizaje-servicio en la Educaci\u00f3n Superior.<\/span><\/div>\n<a href=\"\/seminarios\/materiales\/23\/AYSS%20en%20Educaci\u00f3n%20Superior\/Buenos%20Aires%2023Sem%20presentacion%20Leuven.pdf\" target=\"_blank\" class=\"button alert is-link is-small lowercase\" rel=\"noopener\" >\n\t\t<span>Nicolas Standaert, Leuven University, B\u00e9lgica<\/span>\n\t<\/a>\n\n<a href=\"\/seminarios\/materiales\/23\/AYSS%20en%20Educaci\u00f3n%20Superior\/NEW%2023Sem%20presentacion%20SLOVAKIA.pdf\" target=\"_blank\" class=\"button alert is-link is-small lowercase\" rel=\"noopener\" >\n\t\t<span>Alzbeta Brozmanova Gregorova y Michaela \u0160avrnochov\u00e1; Matej Bel University, Bansk\u00e1 Bystrica, Eslovaquia<\/span>\n\t<\/a>\n\n<a href=\"\/seminarios\/materiales\/23\/AYSS%20en%20Educaci\u00f3n%20Superior\/Presentaci\u00f3n%20Tejiendo%20redes%20IFD%20Florida%20Uy.pdf\" target=\"_blank\" class=\"button alert is-link is-small lowercase\" rel=\"noopener\" >\n\t\t<span>Fernanda Alan\u00eds, Instituto de Formaci\u00f3n Docente de Florida, Uruguay<\/span>\n\t<\/a>\n\n<a href=\"\/seminarios\/materiales\/23\/AYSS%20en%20Educaci\u00f3n%20Superior\/23Sem%20presentacion%20UBA%20Nosiglia%20FINAL.pdf\" target=\"_blank\" class=\"button alert is-link is-small lowercase\" rel=\"noopener\" >\n\t\t<span>Mar\u00eda Catalina Nosiglia, Secretaria Acad\u00e9mica, Universidad de Buenos Aires, Argentina<\/span>\n\t<\/a>\n\n    <\/div>\n      <\/div>\n<\/div>\n\n\n\t\t<\/div>\n\t\t\t\t\t<\/div>\n\n\t\n\n\t<div id=\"col-1929317737\" class=\"col medium-4 small-12 large-4\"  >\n\t\t\t\t<div class=\"col-inner\"  >\n\t\t\t\n\t\t\t\n<div class=\"pricing-table-wrapper\">\n  <div class=\"pricing-table ux_price_table text-center box-shadow-3-hover\">\n    <div class=\"pricing-table-header\">\n      <div class=\"title uppercase strong\">Friday<\/div>\n      <div class=\"price is-xxlarge\">28th<\/div>\n          <\/div>\n    <div class=\"pricing-table-items items\">\n      \n<div class=\"bullet-item\" title=\"\"><span class=\"text\">PLENARIO: El aprendizaje-servicio en el mundo.<\/span><\/div>\n<a href=\"\/seminarios\/materiales\/23\/AYSS%20en%20el%20mundo\/Presentaci\u00f3n%20EDINA.pdf\" target=\"_blank\" class=\"button alert is-link is-small lowercase\" rel=\"noopener\" >\n\t\t<span>Edina Malkic, MIOS\/Red de Aprendizaje Servicio de Europa Central y del Este<\/span>\n\t<\/a>\n\n<a href=\"\/seminarios\/materiales\/23\/AYSS%20en%20el%20mundo\/Presentaci\u00f3n%20BIBI.pdf\" target=\"_blank\" class=\"button alert is-link is-small lowercase\" rel=\"noopener\" >\n\t\t<span>Beatrix Bouwman, North Western University\/ Foro de Compromiso social en la Educaci\u00f3n Superior de Sud\u00e1frica<\/span>\n\t<\/a>\n\n<a href=\"\/seminarios\/materiales\/23\/AYSS%20en%20el%20mundo\/Presentaci\u00f3n%20MARIETTA.pdf\" target=\"_blank\" class=\"button alert is-link is-small lowercase\" rel=\"noopener\" >\n\t\t<span>Marietta Guanzon, De La Salle University\/SLAN<\/span>\n\t<\/a>\n\n<a href=\"\/seminarios\/materiales\/23\/AYSS%20en%20el%20mundo\/Presentaci\u00f3n%20TIM.pdf\" target=\"_blank\" class=\"button alert is-link is-small lowercase\" rel=\"noopener\" >\n\t\t<span>Timothy K. Stanton, Stanford University, EEUU<\/span>\n\t<\/a>\n\n<a href=\"\/seminarios\/materiales\/23\/AYSS%20en%20el%20mundo\/Presentaci\u00f3n%20ENRIQUE.pdf\" target=\"_blank\" class=\"button alert is-link is-small lowercase\" rel=\"noopener\" >\n\t\t<span>Enrique Ochoa, CLAYSS\/Red Iberoamericana de Aprendizaje y Servicio<\/span>\n\t<\/a>\n\n<div class=\"bullet-item\" title=\"\"><span class=\"text\">TALLER: C\u00f3mo desarrollar proyectos de aprendizaje-servicio solidario en la virtualidad.<\/span><\/div>\n<a href=\"\/seminarios\/materiales\/23\/C\u00f3mo%20desarrollar%20proyectos%20AYSS%20en%20la%20virtualidad\/23Sem_TallerASVirtual_Final.pdf\" target=\"_blank\" class=\"button alert is-link is-small lowercase\" rel=\"noopener\" >\n\t\t<span>Juan Garc\u00eda Guti\u00e9rrez, UNED, Madrid, Espa\u00f1a<\/span>\n\t<\/a>\n\n<a href=\"\/seminarios\/materiales\/23\/C\u00f3mo%20desarrollar%20proyectos%20AYSS%20en%20la%20virtualidad\/200826_Taller_ServicioSocialADistancia_Tecnol\u00f3gicodeMonterrey.pdf\" target=\"_blank\" class=\"button alert is-link is-small lowercase\" rel=\"noopener\" >\n\t\t<span>Edith Alem\u00e1n Ram\u00edrez, TEC de Monterrey, M\u00e9xico<\/span>\n\t<\/a>\n\n<div class=\"bullet-item\" title=\"\"><span class=\"text\">PANEL: Aprendizaje-servicio solidario en las Artes.<\/span><\/div>\n<a href=\"\/seminarios\/materiales\/23\/AYSS%20en%20las%20Artes\/Dijana%20Peji\u0107,%20Genesis%20Project%20-%2023Sem_plantilla.pdf\" target=\"_blank\" class=\"button alert is-link is-small lowercase\" rel=\"noopener\" >\n\t\t<span>Dijana Peji\u0107, G\u00e9nesis, Bosnia Herzegovina<\/span>\n\t<\/a>\n\n<a href=\"\/seminarios\/materiales\/23\/AYSS%20en%20las%20Artes\/Presentaci\u00f3n%20-%20El%20Silencio_.pdf\" target=\"_blank\" class=\"button alert is-link is-small lowercase\" rel=\"noopener\" >\n\t\t<span>Kip Wilson Ram\u00edrez, Instituci\u00f3n Educativa Santo Domingo Savio - Escuela \u201cEl Silencio\u201d, Planadas, Colombia<\/span>\n\t<\/a>\n\n<a href=\"\/seminarios\/materiales\/23\/AYSS%20en%20las%20Artes\/Lenguaje%20Visual%203%20Presentaciones2020%20ok.pdf\" target=\"_blank\" class=\"button alert is-link is-small lowercase\" rel=\"noopener\" >\n\t\t<span>Yanina Hualde, Universidad Nacional de La Plata, Argentina<\/span>\n\t<\/a>\n\n<a href=\"\/seminarios\/materiales\/23\/AYSS%20en%20las%20Artes\/23Sem_presentacion_ok%20LOLA%20MORA.pdf\" target=\"_blank\" class=\"button alert is-link is-small lowercase\" rel=\"noopener\" >\n\t\t<span>Cecilia Espinoza, Escuela Provincial de Artes N\u00b03 \u201cLola Mora\u201d, Ledesma, Argentina<\/span>\n\t<\/a>\n\n<div class=\"bullet-item\" title=\"\"><span class=\"text\">PANEL: Aprendizaje-servicio al servicio de la salud.<\/span><\/div>\n<a href=\"\/seminarios\/materiales\/24\/24_Panel_SALUD_BAQUERO.pdf\" target=\"_blank\" class=\"button alert is-link is-small lowercase\" rel=\"noopener\" >\n\t\t<span>Oswaldo Santos Baquero, Universidad de San Pablo, Brasil<\/span>\n\t<\/a>\n\n<a href=\"\/seminarios\/materiales\/24\/24_Panel_SALUD_TERAN.pdf\" target=\"_blank\" class=\"button alert is-link is-small lowercase\" rel=\"noopener\" >\n\t\t<span>Enrique Ter\u00e1n y Evelina Ter\u00e1n, Colegio Pablo Ap\u00f3stol, Tucum\u00e1n, Argentina<\/span>\n\t<\/a>\n\n<a href=\"\/seminarios\/materiales\/24\/24_Panel_SALUD_HWAI-LIN.pdf\" target=\"_blank\" class=\"button alert is-link is-small lowercase\" rel=\"noopener\" >\n\t\t<span>Hwai Lin, Universidad de Ciencias Sociales de Singapur<\/span>\n\t<\/a>\n\n<a href=\"\/seminarios\/materiales\/24\/24_Panel_SALUD_Moreano.pdf\" target=\"_blank\" class=\"button alert is-link is-small lowercase\" rel=\"noopener\" >\n\t\t<span>Carlos Marcelo Moreano Barrag\u00e1n, Pontificia Universidad Cat\u00f3lica de Ecuador<\/span>\n\t<\/a>\n\n<div class=\"bullet-item\" title=\"\"><span class=\"text\">PANEL: Aprendizaje-servicio al servicio de la salud y el medio ambiente.<\/span><\/div>\n<a href=\"\/seminarios\/materiales\/23\/AYSS%20Salud%20y%20Ambiente\/presentacion%20ESCUELA%20MORON%20FINAL%20(1).pdf\" target=\"_blank\" class=\"button alert is-link is-small lowercase\" rel=\"noopener\" >\n\t\t<span>Carina Garc\u00eda, Centro Educativo Nivel Secundario 454, Castelar, Argentina<\/span>\n\t<\/a>\n\n<a href=\"\/seminarios\/materiales\/23\/AYSS%20Salud%20y%20Ambiente\/00_MIOS-Protect%20water%20stay%20healthy_Primary%20School%20Gracaica%20Zivinice.pdf\" target=\"_blank\" class=\"button alert is-link is-small lowercase\" rel=\"noopener\" >\n\t\t<span>Zeljka Marjanovic, Gra\u010danica \u017divinice primary school, Bosnia y Herzegovina<\/span>\n\t<\/a>\n\n<a href=\"\/seminarios\/materiales\/23\/AYSS%20Salud%20y%20Ambiente\/Presentation%20Service%20Learning%20Conference%20Aug%2026-28,%202020%20Final.pdf\" target=\"_blank\" class=\"button alert is-link is-small lowercase\" rel=\"noopener\" >\n\t\t<span>Judith Pete, Tangaza University College \u2013 CUEA, Nairobi, Kenia<\/span>\n\t<\/a>\n\n<a href=\"\/seminarios\/materiales\/23\/AYSS%20Salud%20y%20Ambiente\/23Sem_presentacion_rdr_UCatChile.pdf\" target=\"_blank\" class=\"button alert is-link is-small lowercase\" rel=\"noopener\" >\n\t\t<span>Rodrigo Del R\u00edo, Universidad Cat\u00f3lica de Chile, Santiago, Chile<\/span>\n\t<\/a>\n\n<div class=\"bullet-item\" title=\"\"><span class=\"text\">PANEL: Experiencias de aprendizaje-servicio solidario durante la pandemia.<\/span><\/div>\n<a href=\"\/seminarios\/materiales\/23\/AYSS%20en%20Pandemia\/PISACIC%20VERONICA%20-%2028%20DE%20AGOSTO%20-METAN%20-%20SALTA%20-ARGRNTINA.pdf\" target=\"_blank\" class=\"button alert is-link is-small lowercase\" rel=\"noopener\" >\n\t\t<span>Ver\u00f3nica Pisacic, Escuela de Comercio 5003 \u201cJos\u00e9 Manuel Estrada\u201d, Met\u00e1n, Argentina<\/span>\n\t<\/a>\n\n<a href=\"\/seminarios\/materiales\/23\/AYSS%20en%20Pandemia\/20200818_Seminario_Internacional_RPS_final.pdf\" target=\"_blank\" class=\"button alert is-link is-small lowercase\" rel=\"noopener\" >\n\t\t<span>Tatiana Pieper, Rede Prote\u00e7\u00e3o Solid\u00e1ria, Sao Paulo, Brasil<\/span>\n\t<\/a>\n\n<a href=\"\/seminarios\/materiales\/23\/AYSS%20en%20Pandemia\/23Sem_Kokoiachuk.pdf\" target=\"_blank\" class=\"button alert is-link is-small lowercase\" rel=\"noopener\" >\n\t\t<span>Yuliia Kokoiachuk, Universidad Cat\u00f3lica de Ucrania, Ucrania<\/span>\n\t<\/a>\n\n<a href=\"\/seminarios\/materiales\/23\/AYSS%20en%20Pandemia\/Presentacion%20final%20uba%20en%20accion.pdf\" target=\"_blank\" class=\"button alert is-link is-small lowercase\" rel=\"noopener\" >\n\t\t<span>Francisco Somoza, Universidad de Buenos Aires; Argentina<\/span>\n\t<\/a>\n\n    <\/div>\n      <\/div>\n<\/div>\n\n\n\t\t<\/div>\n\t\t\t\t\t<\/div>\n\n\t\n<\/div>\n<div class=\"video video-fit mb\" style=\"padding-top:56.25%;\"><p><iframe loading=\"lazy\" title=\"Apertura y Conferencia inaugural Prof. Nieves Tapia\" width=\"1020\" height=\"574\" src=\"https:\/\/www.youtube.com\/embed\/QX5gP4xzgjs?feature=oembed\" frameborder=\"0\" allow=\"accelerometer; autoplay; clipboard-write; encrypted-media; gyroscope; picture-in-picture; web-share\" allowfullscreen><\/iframe><\/p>\n<\/div>\n\t\t<\/div>\n\t\t\t\t\n<style>\n#col-175857249 > .col-inner {\n  padding: 60px 0px 0px 0px;\n}\n<\/style>\n\t<\/div>\n\n\t\n<\/div>\n","protected":false},"excerpt":{"rendered":"","protected":false},"author":4,"featured_media":0,"parent":0,"menu_order":0,"comment_status":"closed","ping_status":"closed","template":"page-blank.php","meta":{"_monsterinsights_skip_tracking":false,"_monsterinsights_sitenote_active":false,"_monsterinsights_sitenote_note":"","_monsterinsights_sitenote_category":0,"iawp_total_views":5,"footnotes":""},"class_list":["post-5051","page","type-page","status-publish","hentry"],"yoast_head":"<!-- This site is optimized with the Yoast SEO plugin v27.5 - https:\/\/yoast.com\/product\/yoast-seo-wordpress\/ -->\n<title>materials 23rd - CLAYSS<\/title>\n<meta name=\"robots\" content=\"index, follow, max-snippet:-1, max-image-preview:large, max-video-preview:-1\" \/>\n<link rel=\"canonical\" href=\"https:\/\/test.clayss.org\/materiales-23-seminario\/\" \/>\n<meta property=\"og:locale\" content=\"en_US\" \/>\n<meta property=\"og:type\" content=\"article\" \/>\n<meta property=\"og:title\" content=\"materials 23rd - CLAYSS\" \/>\n<meta property=\"og:url\" content=\"https:\/\/test.clayss.org\/materiales-23-seminario\/\" \/>\n<meta property=\"og:site_name\" content=\"CLAYSS\" \/>\n<meta property=\"article:modified_time\" content=\"2024-07-25T05:34:50+00:00\" \/>\n<meta name=\"twitter:card\" content=\"summary_large_image\" \/>\n<meta name=\"twitter:label1\" content=\"Est. reading time\" \/>\n\t<meta name=\"twitter:data1\" content=\"5 minutes\" \/>\n<script type=\"application\/ld+json\" class=\"yoast-schema-graph\">{\"@context\":\"https:\\\/\\\/schema.org\",\"@graph\":[{\"@type\":\"WebPage\",\"@id\":\"https:\\\/\\\/test.clayss.org\\\/materiales-23-seminario\\\/\",\"url\":\"https:\\\/\\\/test.clayss.org\\\/materiales-23-seminario\\\/\",\"name\":\"materials 23rd - CLAYSS\",\"isPartOf\":{\"@id\":\"https:\\\/\\\/test.clayss.org\\\/#website\"},\"datePublished\":\"2024-02-28T01:44:50+00:00\",\"dateModified\":\"2024-07-25T05:34:50+00:00\",\"breadcrumb\":{\"@id\":\"https:\\\/\\\/test.clayss.org\\\/materiales-23-seminario\\\/#breadcrumb\"},\"inLanguage\":\"en-US\",\"potentialAction\":[{\"@type\":\"ReadAction\",\"target\":[\"https:\\\/\\\/test.clayss.org\\\/materiales-23-seminario\\\/\"]}]},{\"@type\":\"BreadcrumbList\",\"@id\":\"https:\\\/\\\/test.clayss.org\\\/materiales-23-seminario\\\/#breadcrumb\",\"itemListElement\":[{\"@type\":\"ListItem\",\"position\":1,\"name\":\"Portada\",\"item\":\"https:\\\/\\\/test.clayss.org\\\/en\\\/\"},{\"@type\":\"ListItem\",\"position\":2,\"name\":\"materials 23rd\"}]},{\"@type\":\"WebSite\",\"@id\":\"https:\\\/\\\/test.clayss.org\\\/#website\",\"url\":\"https:\\\/\\\/test.clayss.org\\\/\",\"name\":\"CLAYSS\",\"description\":\"\",\"potentialAction\":[{\"@type\":\"SearchAction\",\"target\":{\"@type\":\"EntryPoint\",\"urlTemplate\":\"https:\\\/\\\/test.clayss.org\\\/?s={search_term_string}\"},\"query-input\":{\"@type\":\"PropertyValueSpecification\",\"valueRequired\":true,\"valueName\":\"search_term_string\"}}],\"inLanguage\":\"en-US\"}]}<\/script>\n<!-- \/ Yoast SEO plugin. -->","yoast_head_json":{"title":"materials 23rd - CLAYSS","robots":{"index":"index","follow":"follow","max-snippet":"max-snippet:-1","max-image-preview":"max-image-preview:large","max-video-preview":"max-video-preview:-1"},"canonical":"https:\/\/test.clayss.org\/materiales-23-seminario\/","og_locale":"en_US","og_type":"article","og_title":"materials 23rd - CLAYSS","og_url":"https:\/\/test.clayss.org\/materiales-23-seminario\/","og_site_name":"CLAYSS","article_modified_time":"2024-07-25T05:34:50+00:00","twitter_card":"summary_large_image","twitter_misc":{"Est. reading time":"5 minutes"},"schema":{"@context":"https:\/\/schema.org","@graph":[{"@type":"WebPage","@id":"https:\/\/test.clayss.org\/materiales-23-seminario\/","url":"https:\/\/test.clayss.org\/materiales-23-seminario\/","name":"materials 23rd - CLAYSS","isPartOf":{"@id":"https:\/\/test.clayss.org\/#website"},"datePublished":"2024-02-28T01:44:50+00:00","dateModified":"2024-07-25T05:34:50+00:00","breadcrumb":{"@id":"https:\/\/test.clayss.org\/materiales-23-seminario\/#breadcrumb"},"inLanguage":"en-US","potentialAction":[{"@type":"ReadAction","target":["https:\/\/test.clayss.org\/materiales-23-seminario\/"]}]},{"@type":"BreadcrumbList","@id":"https:\/\/test.clayss.org\/materiales-23-seminario\/#breadcrumb","itemListElement":[{"@type":"ListItem","position":1,"name":"Portada","item":"https:\/\/test.clayss.org\/en\/"},{"@type":"ListItem","position":2,"name":"materials 23rd"}]},{"@type":"WebSite","@id":"https:\/\/test.clayss.org\/#website","url":"https:\/\/test.clayss.org\/","name":"CLAYSS","description":"","potentialAction":[{"@type":"SearchAction","target":{"@type":"EntryPoint","urlTemplate":"https:\/\/test.clayss.org\/?s={search_term_string}"},"query-input":{"@type":"PropertyValueSpecification","valueRequired":true,"valueName":"search_term_string"}}],"inLanguage":"en-US"}]}},"_links":{"self":[{"href":"https:\/\/test.clayss.org\/en\/wp-json\/wp\/v2\/pages\/5051","targetHints":{"allow":["GET"]}}],"collection":[{"href":"https:\/\/test.clayss.org\/en\/wp-json\/wp\/v2\/pages"}],"about":[{"href":"https:\/\/test.clayss.org\/en\/wp-json\/wp\/v2\/types\/page"}],"author":[{"embeddable":true,"href":"https:\/\/test.clayss.org\/en\/wp-json\/wp\/v2\/users\/4"}],"replies":[{"embeddable":true,"href":"https:\/\/test.clayss.org\/en\/wp-json\/wp\/v2\/comments?post=5051"}],"version-history":[{"count":3,"href":"https:\/\/test.clayss.org\/en\/wp-json\/wp\/v2\/pages\/5051\/revisions"}],"predecessor-version":[{"id":5055,"href":"https:\/\/test.clayss.org\/en\/wp-json\/wp\/v2\/pages\/5051\/revisions\/5055"}],"wp:attachment":[{"href":"https:\/\/test.clayss.org\/en\/wp-json\/wp\/v2\/media?parent=5051"}],"curies":[{"name":"wp","href":"https:\/\/api.w.org\/{rel}","templated":true}]}}